{"id":2790,"date":"2026-02-12T07:22:26","date_gmt":"2026-02-12T07:22:26","guid":{"rendered":"https:\/\/www.escapehome.com\/legal-notice\/"},"modified":"2026-02-12T07:22:26","modified_gmt":"2026-02-12T07:22:26","slug":"legal-notice","status":"publish","type":"page","link":"https:\/\/www.escapehome.com\/en\/legal-notice\/","title":{"rendered":"Legal Notice"},"content":{"rendered":"<div id=\"politicas-contenido\"><div class=\"box\">\n<div id=\"contentNuevoAvisoLegal\">\n    <p>El acceso a la web <a href=\"https:\/\/www.escapehome.com\/\">https:\/\/www.escapehome.com\/<\/a> le atribuye la condici\u00f3n de USUARIO. Le aconsejamos que proceda a la lectura de la presente nota legal y de la pol\u00edtica de privacidad en su \u00faltima versi\u00f3n, antes de utilizar las funcionalidades ofrecidas por este sitio Web, as\u00ed como cada vez que acceda a \u00e9l, ya que nos reservamos el derecho de cambiar, modificar, a\u00f1adir o eliminar en cualquier momento parte de estas condiciones.<\/p>\r\n<p>\u00a0<\/p>\r\n<p><strong>I. TITULAR DE LA WEB<\/strong><\/p>\r\n<p>A los efectos de lo previsto por el Art. 10 de la Ley 34\/ 2002, de 11 de julio, de Servicios de la Sociedad de la Informaci\u00f3n y de Comercio Electr\u00f3nico, se proporciona la siguiente informaci\u00f3n sobre la titular de esta Web:<\/p>\r\n<p>Titular de la Web: World 2 Meet, S.L.U. (en adelante\u00a0Escape Home)<\/p>\r\n<p>Domicilio social: Edificio W2M, C\/ General Riera 154, 07010 Palma de Mallorca, Illes Balears, Espa\u00f1a.<\/p>\r\n<p>C.I.F.: B62880992<\/p>\r\n<p>Datos registrales: inscrita en el registro Mercantil de Palma de Mallorca, Hoja PM-78922 Tomo 2661 Folio 147.<\/p>\r\n<p>Titular del t\u00edtulo\/licencia:\u00a0AVBAL\/708 expedido por la Conselleria de Model Econ\u00f2mic, Turisme i Treball del Govern de les Illes Balears.<\/p>\r\n<p>\u00a0<\/p>\r\n<p>Adem\u00e1s del domicilio social, se pone a disposici\u00f3n de los usuarios los siguientes canales para dirigir sus peticiones, cuestiones o reclamaciones:booking@escapehome.com<\/p>\r\n<p>\u00a0<\/p>\r\n<p><strong>II. CONDICIONES DE USO<\/strong><\/p>\r\n<p>\u00a0<\/p>\r\n<p>1.\u00a0<strong>Introducci\u00f3n<\/strong>. Escape Home\u00a0ofrece y comercializa apartamentos y villas de alquiler vacacional, pudiendo ser ambos productos contratados directamente. Accediendo y utilizando esta web, usted acuerda obligarse a las condiciones que a continuaci\u00f3n se exponen, por lo que se le recomienda que lea cuidadosamente esta secci\u00f3n antes de iniciar su navegaci\u00f3n. \u00a0<\/p>\r\n<p>2.\u00a0<strong>Obligaciones de los Usuarios<\/strong>.\u00a0Los Usuarios se comprometen a utilizar esta Web de forma l\u00edcita, de acuerdo con lo dispuesto en las presentes condiciones y de forma que no produzcan un perjuicio en los derechos o intereses de\u00a0Escape Home\u00a0o de terceros. A t\u00edtulo enunciativo y en ning\u00fan caso limitativo o excluyente, el Usuario se compromete igualmente a:<\/p>\r\n<p>No incurrir en actividades ilegales o contrarias al orden p\u00fablico o a la buena fe;<\/p>\r\n<p>No intentar acceder, modificar, manipular y, en su caso, utilizar las cuentas de otros Usuarios;<\/p>\r\n<p>No utilizar los datos publicados en la Web para el env\u00edo de comunicaciones no solicitadas (spam).<\/p>\r\n<p>No introducir o difundir en la web informaci\u00f3n o contenidos falsos, enga\u00f1osos, ambiguos o inexactos de forma que induzcan a error a los receptores de la informaci\u00f3n, ni tampoco difundir contenidos de car\u00e1cter racista, xen\u00f3fobo, pornogr\u00e1fico, de apolog\u00eda del terrorismo o atentatorio contra los derechos humanos o de los menores;<\/p>\r\n<p>No realizar acciones que supongan o conlleven una violaci\u00f3n de los derechos de propiedad intelectual\u00a0Escape Home\u00a0o de terceros;<\/p>\r\n<p>No provocar da\u00f1os en los sistemas f\u00edsicos y l\u00f3gicos de\u00a0Escape Home, de sus proveedores o de terceras personas;<\/p>\r\n<p>No introducir o difundir en la red virus inform\u00e1ticos o utilizar cualesquiera otros sistemas f\u00edsicos o l\u00f3gicos que sean susceptibles de provocar los da\u00f1os anteriormente mencionados.<\/p>\r\n<p>No suprimir, alterar, eludir o manipular cualquier dispositivo de protecci\u00f3n o sistema de seguridad que estuviera instalado en las p\u00e1ginas de esta Web.<\/p>\r\n<p>3.\u00a0<strong>Exclusi\u00f3n de responsabilidad<\/strong>.\u00a0Esta Web se proporciona \u201ctal como est\u00e1\u201d y su uso se realiza bajo el propio riesgo del Usuario, por lo que, ni\u00a0Escape Home, ni sus administradores, trabajadores, proveedores o colaboradores ser\u00e1n responsables por los da\u00f1os, de cualquier naturaleza, directos o no, que deriven del uso de la Web, excluyendo expresamente\u00a0Escape Home, en toda la medida prevista por la Ley, cualquier tipo de garant\u00edas, ya sean expresas o impl\u00edcitas.<\/p>\r\n<p>Escape Home\u00a0no garantiza la disponibilidad y accesibilidad de la Web, si bien realizar\u00e1 todos los esfuerzos que sean razonables en este sentido. En ocasiones, podr\u00e1n producirse interrupciones por el tiempo que resulte necesario para la realizaci\u00f3n de las correspondientes operaciones de mantenimiento.<\/p>\r\n<p>Escape Home\u00a0no se responsabiliza de posibles da\u00f1os derivados de interferencias, interrupciones, virus inform\u00e1ticos, aver\u00edas telef\u00f3nicas o desconexiones telef\u00f3nicas motivadas por causas ajenas a la citada entidad; de retrasos o bloqueos en el uso del presente sistema electr\u00f3nico causados por deficiencias o sobrecargas en el centro procesador de datos, de l\u00edneas telef\u00f3nicas, en el sistema de Internet o en otros sistemas el\u00e9ctricos; ni tampoco de cualquier otra alteraci\u00f3n que se pueda producir en el Software o Hardware de los Usuarios. Tampoco garantiza la ausencia de virus, malwares, troyanos u otros elementos que puedan producir alteraciones en el sistema inform\u00e1tico, documentos o ficheros del Usuario, excluyendo cualquier responsabilidad por los da\u00f1os de cualquier clase causados al Usuario por este motivo. De igual manera,\u00a0Escape Home\u00a0no responder\u00e1 por los da\u00f1os causados por terceras personas mediante intromisiones ileg\u00edtimas fuera de su control.<\/p>\r\n<p>Tampoco responder\u00e1 de los da\u00f1os y perjuicios causados por el uso o mala utilizaci\u00f3n de los contenidos de la Web, ni por las consecuencias que pudieran derivarse de los errores, defectos u omisiones en los contenidos que pudieran aparecer en esta Web proporcionados por los propios Usuarios u otros terceros.\u00a0Escape Home\u00a0no asume obligaci\u00f3n ni responsabilidad alguna respecto de aquellos servicios que no preste directamente.<\/p>\r\n<p>4.\u00a0<strong>Enlaces externos<\/strong>.\u00a0En ning\u00fan caso\u00a0Escape Home\u00a0asumir\u00e1 responsabilidad alguna por los contenidos de los enlaces pertenecientes a un sitio web ajeno, ni garantizar\u00e1 la disponibilidad t\u00e9cnica, calidad, fiabilidad, exactitud, amplitud, veracidad, validez y legalidad de cualquier material o informaci\u00f3n contenida en ninguno de dichos hiperv\u00ednculos u otros sitios de Internet. Igualmente, la inclusi\u00f3n de estas conexiones externas no implicar\u00e1 ning\u00fan tipo de asociaci\u00f3n, fusi\u00f3n o participaci\u00f3n con las entidades conectadas.<\/p>\r\n<p>5.\u00a0<strong>Contrase\u00f1as<\/strong>.\u00a0\u00a0Las contrase\u00f1as para acceder a las cuentas de Usuarios registrados son personales, confidenciales e intransferibles. Los Usuarios registrados son los \u00fanicos responsables de mantener la confidencialidad y seguridad de su cuenta, asumiendo estos de forma exclusiva las consecuencias de cualquier \u00edndole respecto a las actividades que se realicen mediante la misma. Los Usuarios se comprometen a notificar inmediatamente a\u00a0Escape Home\u00a0cualquier vulneraci\u00f3n de la seguridad de su cuenta.<\/p>\r\n<p>6.\u00a0<strong>Denegaci\u00f3n de acceso y cancelaci\u00f3n de las cuentas<\/strong>. Escape Home\u00a0se reserva el derecho de denegar el acceso a la Web, as\u00ed como a suspender o cancelar las cuentas a aquellos Usuarios que incumplan las presentes condiciones; en caso de problemas t\u00e9cnicos o de seguridad imprevistos; o en cumplimiento de un requerimiento y\/o de una orden policial, judicial o administrativa.<\/p>\r\n<p>Dicha cancelaci\u00f3n o suspensi\u00f3n se realizar\u00e1 a exclusiva discreci\u00f3n de\u00a0Escape Home\u00a0y no dar\u00e1 lugar a ning\u00fan tipo de indemnizaci\u00f3n.<\/p>\r\n<p>7.\u00a0<strong>Tratamiento de datos personales<\/strong>.\u00a0Los Usuarios podr\u00e1n encontrar informaci\u00f3n sobre el tratamiento de sus datos personales, as\u00ed como la manera de ejercitar sus derechos en materia de protecci\u00f3n de datos accediendo a la pol\u00edtica de privacidad web.<\/p>\r\n<p>8.\u00a0<strong>Propiedad intelectual y derechos de autor<\/strong>.\u00a0Sin perjuicio de los contenidos sobre los cuales\u00a0terceros ostentasen derechos intelectuales, los derechos de propiedad intelectual de la Web, el nombre de dominio, su c\u00f3digo fuente, dise\u00f1o y estructura de navegaci\u00f3n y elementos en ella contenidos (a t\u00edtulo enunciativo, im\u00e1genes, sonido, audio, v\u00eddeo, software, o textos; marcas o logotipos, combinaciones de colores, estructura y dise\u00f1o, etc.) son titularidad de\u00a0Escape Home, a quien corresponde el ejercicio exclusivo de los derechos de explotaci\u00f3n de los mismos en cualquier forma, y, en especial los derechos de reproducci\u00f3n, distribuci\u00f3n, comunicaci\u00f3n p\u00fablica y transformaci\u00f3n, conforme a lo previsto por la vigente Ley de Propiedad Intelectual. Quedan expresamente prohibidas la reproducci\u00f3n, distribuci\u00f3n y la comunicaci\u00f3n p\u00fablica, incluida su modalidad de puesta a disposici\u00f3n, de la totalidad o parte de los contenidos de esta web en cualquier soporte y por cualquier medio t\u00e9cnico, sin la autorizaci\u00f3n de\u00a0Escape Home\u00a0o, en su caso, de los terceros que ostenten los derechos de propiedad intelectual o de autor sobre los contenidos afectados. No obstante lo anterior, el usuario de la web podr\u00e1 visualizar los elementos de esta Web e incluso imprimirlos, copiarlos y almacenarlos en el disco duro de su ordenador o en cualquier otro soporte f\u00edsico siempre y cuando sea, \u00fanica y exclusivamente, para su uso personal y privado. Aquellas entidades o personas que, previa autorizaci\u00f3n del titular de esta web, pretendan establecer un enlace con ella, deber\u00e1n garantizar que \u00fanicamente permite el acceso a esta Web o servicio pero que no realiza reproducci\u00f3n de sus contenidos y servicios.<\/p>\r\n<p>9.\u00a0<strong>Nulidad de las cl\u00e1usulas<\/strong>.\u00a0En caso de que una cl\u00e1usula de las presentes condiciones de uso fuese declarada nula, s\u00f3lo afectar\u00e1 a dicha disposici\u00f3n o a aquella parte que as\u00ed haya sido declarada, subsistiendo las condiciones en todo lo dem\u00e1s y teni\u00e9ndose tal disposici\u00f3n, o la parte afectada, por no puesta.<\/p>\r\n<p>10.\u00a0<strong>Aceptaci\u00f3n<\/strong>.\u00a0El acceso a la Web y su utilizaci\u00f3n implican necesariamente que\u00a0todas y cada una de las presentes condiciones de uso\u00a0son expresamente aceptadas por usted.<\/p>\r\n<p>11.\u00a0<strong>Ley y jurisdicci\u00f3n aplicables<\/strong>.\u00a0La presente web se regir\u00e1 por la ley espa\u00f1ola con exclusi\u00f3n de sus reglas de conflicto de ley y\u00a0cualquier controversia\u00a0que pudiera derivarse de su utilizaci\u00f3n o de los servicios vinculados a la misma se someter\u00e1 a la jurisdicci\u00f3n de los Juzgados y Tribunales que resulten competentes en cumplimiento de la normativa aplicable.<\/p><\/div>\n<\/div><\/div>\n\n    <div class=\"xs_social_share_widget xs_share_url after_content \t\tmain_content  wslu-style-1 wslu-share-box-shaped wslu-fill-colored wslu-none wslu-share-horizontal wslu-theme-font-no wslu-main_content\">\n\n\t\t\n        <ul>\n\t\t\t        <\/ul>\n    <\/div> \n","protected":false},"excerpt":{"rendered":"","protected":false},"author":1,"featured_media":0,"parent":0,"menu_order":0,"comment_status":"closed","ping_status":"closed","template":"","meta":{"postBodyCss":"","postBodyMargin":[],"postBodyPadding":[],"postBodyBackground":{"backgroundType":"classic","gradient":""},"footnotes":""},"class_list":["post-2790","page","type-page","status-publish","hentry"],"yoast_head":"<!-- This site is optimized with the Yoast SEO plugin v27.4 - https:\/\/yoast.com\/product\/yoast-seo-wordpress\/ -->\n<title>Legal Notice - Escapehome<\/title>\n<meta name=\"robots\" content=\"noindex, nofollow\" \/>\n<meta property=\"og:locale\" content=\"en_US\" \/>\n<meta property=\"og:type\" content=\"article\" \/>\n<meta property=\"og:title\" content=\"Legal Notice - Escapehome\" \/>\n<meta property=\"og:url\" content=\"https:\/\/www.escapehome.com\/en\/legal-notice\/\" \/>\n<meta property=\"og:site_name\" content=\"Escapehome\" \/>\n<meta name=\"twitter:card\" content=\"summary_large_image\" \/>\n<script type=\"application\/ld+json\" class=\"yoast-schema-graph\">{\"@context\":\"https:\\\/\\\/schema.org\",\"@graph\":[{\"@type\":\"WebPage\",\"@id\":\"https:\\\/\\\/www.escapehome.com\\\/en\\\/legal-notice\\\/\",\"url\":\"https:\\\/\\\/www.escapehome.com\\\/en\\\/legal-notice\\\/\",\"name\":\"Legal Notice - Escapehome\",\"isPartOf\":{\"@id\":\"https:\\\/\\\/www.escapehome.com\\\/#website\"},\"datePublished\":\"2026-02-12T07:22:26+00:00\",\"breadcrumb\":{\"@id\":\"https:\\\/\\\/www.escapehome.com\\\/en\\\/legal-notice\\\/#breadcrumb\"},\"inLanguage\":\"en-EN\",\"potentialAction\":[{\"@type\":\"ReadAction\",\"target\":[\"https:\\\/\\\/www.escapehome.com\\\/en\\\/legal-notice\\\/\"]}]},{\"@type\":\"BreadcrumbList\",\"@id\":\"https:\\\/\\\/www.escapehome.com\\\/en\\\/legal-notice\\\/#breadcrumb\",\"itemListElement\":[{\"@type\":\"ListItem\",\"position\":1,\"name\":\"Portada\",\"item\":\"https:\\\/\\\/www.escapehome.com\\\/\"},{\"@type\":\"ListItem\",\"position\":2,\"name\":\"Legal Notice\"}]},{\"@type\":\"WebSite\",\"@id\":\"https:\\\/\\\/www.escapehome.com\\\/#website\",\"url\":\"https:\\\/\\\/www.escapehome.com\\\/\",\"name\":\"Escapehome\",\"description\":\"Alquiler vacacional en Menorca y Lanzarote\",\"potentialAction\":[{\"@type\":\"SearchAction\",\"target\":{\"@type\":\"EntryPoint\",\"urlTemplate\":\"https:\\\/\\\/www.escapehome.com\\\/?s={search_term_string}\"},\"query-input\":{\"@type\":\"PropertyValueSpecification\",\"valueRequired\":true,\"valueName\":\"search_term_string\"}}],\"inLanguage\":\"en-EN\"}]}<\/script>\n<!-- \/ Yoast SEO plugin. -->","yoast_head_json":{"title":"Legal Notice - Escapehome","robots":{"index":"noindex","follow":"nofollow"},"og_locale":"en_US","og_type":"article","og_title":"Legal Notice - Escapehome","og_url":"https:\/\/www.escapehome.com\/en\/legal-notice\/","og_site_name":"Escapehome","twitter_card":"summary_large_image","schema":{"@context":"https:\/\/schema.org","@graph":[{"@type":"WebPage","@id":"https:\/\/www.escapehome.com\/en\/legal-notice\/","url":"https:\/\/www.escapehome.com\/en\/legal-notice\/","name":"Legal Notice - Escapehome","isPartOf":{"@id":"https:\/\/www.escapehome.com\/#website"},"datePublished":"2026-02-12T07:22:26+00:00","breadcrumb":{"@id":"https:\/\/www.escapehome.com\/en\/legal-notice\/#breadcrumb"},"inLanguage":"en-EN","potentialAction":[{"@type":"ReadAction","target":["https:\/\/www.escapehome.com\/en\/legal-notice\/"]}]},{"@type":"BreadcrumbList","@id":"https:\/\/www.escapehome.com\/en\/legal-notice\/#breadcrumb","itemListElement":[{"@type":"ListItem","position":1,"name":"Portada","item":"https:\/\/www.escapehome.com\/"},{"@type":"ListItem","position":2,"name":"Legal Notice"}]},{"@type":"WebSite","@id":"https:\/\/www.escapehome.com\/#website","url":"https:\/\/www.escapehome.com\/","name":"Escapehome","description":"Alquiler vacacional en Menorca y Lanzarote","potentialAction":[{"@type":"SearchAction","target":{"@type":"EntryPoint","urlTemplate":"https:\/\/www.escapehome.com\/?s={search_term_string}"},"query-input":{"@type":"PropertyValueSpecification","valueRequired":true,"valueName":"search_term_string"}}],"inLanguage":"en-EN"}]}},"_links":{"self":[{"href":"https:\/\/www.escapehome.com\/en\/wp-json\/wp\/v2\/pages\/2790","targetHints":{"allow":["GET"]}}],"collection":[{"href":"https:\/\/www.escapehome.com\/en\/wp-json\/wp\/v2\/pages"}],"about":[{"href":"https:\/\/www.escapehome.com\/en\/wp-json\/wp\/v2\/types\/page"}],"author":[{"embeddable":true,"href":"https:\/\/www.escapehome.com\/en\/wp-json\/wp\/v2\/users\/1"}],"replies":[{"embeddable":true,"href":"https:\/\/www.escapehome.com\/en\/wp-json\/wp\/v2\/comments?post=2790"}],"version-history":[{"count":0,"href":"https:\/\/www.escapehome.com\/en\/wp-json\/wp\/v2\/pages\/2790\/revisions"}],"wp:attachment":[{"href":"https:\/\/www.escapehome.com\/en\/wp-json\/wp\/v2\/media?parent=2790"}],"curies":[{"name":"wp","href":"https:\/\/api.w.org\/{rel}","templated":true}]}}